{"id":363,"date":"2019-03-27T19:23:27","date_gmt":"2019-03-27T18:23:27","guid":{"rendered":"https:\/\/www.xanadu.cz\/wp-microsites\/?page_id=363"},"modified":"2021-10-06T21:20:42","modified_gmt":"2021-10-06T19:20:42","slug":"vseobecne-smluvni-podminky","status":"publish","type":"page","link":"https:\/\/www.xanadu.cz\/wp-microsites\/vseobecne-smluvni-podminky\/","title":{"rendered":"V\u0161eobecn\u00e9 smluvn\u00ed podm\u00ednky"},"content":{"rendered":"<section class=\"ffb-id-2v2uhrsv fg-section fg-text-dark\"><div class=\"fg-container container fg-container-large fg-container-lvl--1 \"><div class=\"fg-row row    \" ><div class=\"ffb-id-2v2uhrt0 fg-col col-xs-12 col-md-12 fg-text-dark\"><div class=\"ffb-id-2v2uhtvp fg-paragraph ff-richtext text-left    fg-text-dark\"><\/p>\n<h1>V&scaron;eobecn&eacute; smluvn&iacute; podm&iacute;nky<\/h1>\n<p>Seznamte se pros&iacute;m s na&scaron;imi V&scaron;eobecn&yacute;mi smluvn&iacute;mi podm&iacute;nkami pro podnikatele, platn&yacute;mi od 1. ledna 2015 a s V&scaron;eobecn&yacute;mi smluvn&iacute;mi podm&iacute;nkami pro spot\u0159ebitele, platn&yacute;mi od 1. ledna 2014 i dal&scaron;&iacute;mi souvisej&iacute;c&iacute;mi informacemi.<\/p>\n<p><\/div><div class=\"ffb-id-2v76orlj fg-paragraph ff-richtext text-left    fg-text-dark\"><\/p>\n<h2>SMLUVN&Iacute; PODM&Iacute;NKY - PODPORA HPE<\/h2>\n<p>Tyto podm&iacute;nky p\u0159edstavuj&iacute; smlouvu (&ldquo;smlouva&rdquo;), kter&aacute; upravuje n&aacute;kup slu\u017eeb podpory spole\u010dnosti Hewlett Packard Enteprise (\"HPE&ldquo;), mezi spole\u010dnost&iacute; XANADU (\"XANADU\"), kter&aacute; je smluvn&iacute;m partnerem HPE, a z&aacute;kazn&iacute;kem (&ldquo;z&aacute;kazn&iacute;k&rdquo;), kter&yacute; je koncov&yacute;m u\u017eivatelem slu\u017eeb podpory. Z&aacute;kazn&iacute;k bere na v\u011bdom&iacute; a souhlas&iacute; s t&iacute;m, \u017ee podm&iacute;nky, za kter&yacute;ch jsou poskytov&aacute;ny slu\u017eby podpory dod&aacute;van&eacute; na z&aacute;klad\u011b t&eacute;to smlouvy, jsou ur\u010deny spole\u010dnost&iacute; HPE a \u017ee spole\u010dnost XANADU je nem\u016f\u017ee nikterak ovlivnit. Cel&eacute; zn\u011bn&iacute; smluvn&iacute;ch podm&iacute;nek najdete v posledn&iacute;m odkazu n&iacute;\u017ee.<\/p>\n<p><\/div><div class=\"ffb-id-2v76p9bk fg-paragraph ff-richtext text-left    fg-text-dark\"><\/p>\n<h2>P\u0159&iacute;lohy ke sta\u017een&iacute;<\/h2>\n<p><\/div><ul class=\"ffb-id-2v76fu1a ffb-list lists-base fg-text-dark\"><li class=\"ffb-list-item text-left ffb-list-style-icon list-unstyled fg-text-dark ffb-list-item-1\"><i class=\"ffb-list-icon ff-font-awesome4 icon-angle-right  fg-text-dark ffb-one-icon\"><\/i><div class=\"ffb-list-text fg-text-dark ffb-one-text\"><\/p>\n<p><a href=\"https:\/\/www.xanadu.cz\/wp-microsites\/wp-content\/uploads\/2021\/10\/vseobecne-smluvni-podminky-pro-podnikatele-2021.pdf\" target=\"_blank\" rel=\"noopener\">V&scaron;eobecn&eacute; smluvn&iacute; podm&iacute;nky XANADU a.s. pro podnikatele<\/a><\/p>\n<p><\/div><\/li><li class=\"ffb-list-item text-left ffb-list-style-icon list-unstyled fg-text-dark ffb-list-item-2\"><i class=\"ffb-list-icon ff-font-awesome4 icon-angle-right  fg-text-dark ffb-one-icon\"><\/i><div class=\"ffb-list-text fg-text-dark ffb-one-text\"><\/p>\n<p><a href=\"https:\/\/www.xanadu.cz\/wp-microsites\/wp-content\/uploads\/2021\/10\/vseobecne-smluvni-podminky-pro-spotrebitele.pdf\" target=\"_blank\" rel=\"noopener noreferrer\">V&scaron;eobecn&eacute; smluvn&iacute; podm&iacute;nky XANADU a.s. pro spot\u0159ebitele<\/a><\/p>\n<p><\/div><\/li><li class=\"ffb-list-item text-left ffb-list-style-icon list-unstyled fg-text-dark ffb-list-item-3\"><i class=\"ffb-list-icon ff-font-awesome4 icon-angle-right  fg-text-dark ffb-one-icon\"><\/i><div class=\"ffb-list-text fg-text-dark ffb-one-text\"><\/p>\n<p><a href=\"https:\/\/www.xanadu.cz\/wp-microsites\/wp-content\/uploads\/2021\/10\/predsmluvni_informace_VSP_pro_spotrebitele-2021.pdf\" target=\"_blank\" rel=\"noopener noreferrer\">P\u0159edsmluvn&iacute; informace k VSP pro SPOT\u0158EBITELE<\/a><\/p>\n<p><\/div><\/li><li class=\"ffb-list-item text-left ffb-list-style-icon list-unstyled fg-text-dark ffb-list-item-4\"><i class=\"ffb-list-icon ff-font-awesome4 icon-angle-right  fg-text-dark ffb-one-icon\"><\/i><div class=\"ffb-list-text fg-text-dark ffb-one-text\"><\/p>\n<p><a href=\"https:\/\/www.xanadu.cz\/wp-microsites\/wp-content\/uploads\/2021\/10\/oznameni_o_odstoupeni_od_smlouvy_spotrebitel.pdf\" target=\"_blank\" rel=\"noopener noreferrer\">Ozn&aacute;men&iacute; o odstoupen&iacute; od smlouvy - spot\u0159ebitel<\/a><\/p>\n<p><\/div><\/li><li class=\"ffb-list-item text-left ffb-list-style-icon list-unstyled fg-text-dark ffb-list-item-5\"><i class=\"ffb-list-icon ff-font-awesome4 icon-angle-right  fg-text-dark ffb-one-icon\"><\/i><div class=\"ffb-list-text fg-text-dark ffb-one-text\"><\/p>\n<p><a href=\"https:\/\/www.xanadu.cz\/wp-microsites\/wp-content\/uploads\/2019\/03\/smluvni-podminky-podpora-hpe.pdf\" target=\"_blank\" rel=\"noopener noreferrer\" data-wplink-url-error=\"true\">Smluvn&iacute; podm&iacute;nky pro z&aacute;kazn&iacute;ka spole\u010dnosti XANADU a.s. - Podpora HPE<\/a><\/p>\n<p><\/div><\/li><\/ul><\/div><\/div><\/div><\/section><style>.ffb-id-2v76p9bk{ margin-top: 30px;}.ffb-id-2v76orlj{ margin-top: 30px;}<\/style><script type=\"text\/javascript\"><\/script>\n","protected":false},"excerpt":{"rendered":"","protected":false},"author":1,"featured_media":0,"parent":0,"menu_order":0,"comment_status":"closed","ping_status":"closed","template":"","meta":[],"acf":[],"_links":{"self":[{"href":"https:\/\/www.xanadu.cz\/wp-microsites\/wp-json\/wp\/v2\/pages\/363"}],"collection":[{"href":"https:\/\/www.xanadu.cz\/wp-microsites\/wp-json\/wp\/v2\/pages"}],"about":[{"href":"https:\/\/www.xanadu.cz\/wp-microsites\/wp-json\/wp\/v2\/types\/page"}],"author":[{"embeddable":true,"href":"https:\/\/www.xanadu.cz\/wp-microsites\/wp-json\/wp\/v2\/users\/1"}],"replies":[{"embeddable":true,"href":"https:\/\/www.xanadu.cz\/wp-microsites\/wp-json\/wp\/v2\/comments?post=363"}],"version-history":[{"count":0,"href":"https:\/\/www.xanadu.cz\/wp-microsites\/wp-json\/wp\/v2\/pages\/363\/revisions"}],"wp:attachment":[{"href":"https:\/\/www.xanadu.cz\/wp-microsites\/wp-json\/wp\/v2\/media?parent=363"}],"curies":[{"name":"wp","href":"https:\/\/api.w.org\/{rel}","templated":true}]}}